{"id":79,"date":"2023-01-29T18:33:59","date_gmt":"2023-01-29T18:33:59","guid":{"rendered":"https:\/\/pastoralsaludmallorca.bisbatdemallorca.org\/?page_id=79"},"modified":"2023-05-18T20:28:15","modified_gmt":"2023-05-18T18:28:15","slug":"que-es","status":"publish","type":"page","link":"https:\/\/pastoralsaludmallorca.bisbatdemallorca.org\/index.php\/que-es\/","title":{"rendered":"Qu\u00e8 \u00e9s?"},"content":{"rendered":"\n<p>La pastoral de la salut \u00e9s la pres\u00e8ncia i l\u2019acci\u00f3 de l\u2019esgl\u00e9sia dirigida a l\u2019evangelitzaci\u00f3 del m\u00f3n sanitari a trav\u00e9s de l\u2019actualitzaci\u00f3 de la pres\u00e8ncia alliberadora, curativa i salvadora de Crist, en la for\u00e7a de l\u2019Esperit Sant<em>. <\/em>Els objectius de la pastoral de la salut m\u00e9s importants s\u00f3n:<\/p>\n\n\n\n<div style=\"height:20px\" aria-hidden=\"true\" class=\"wp-block-spacer\"><\/div>\n\n\n\n<ul type=\"a\">\n<li>Il\u00b7luminar amb la fe els problemes del m\u00f3n de la salut i contribuir a la humanitzaci\u00f3 de les estructures hospital\u00e0ries, desenvolupant una obra d\u2019educaci\u00f3 sanit\u00e0ria i moral.<\/li>\n<\/ul>\n\n\n\n<div style=\"height:10px\" aria-hidden=\"true\" class=\"wp-block-spacer\"><\/div>\n\n\n\n<ul>\n<li>Ajudar a recuperar el sentit de la vida al malalt i ajudar als&nbsp; familiars, prestant especial atenci\u00f3 als malalts marginats per la societat i m\u00e9s necessitats d\u2019ajuda.<\/li>\n<\/ul>\n\n\n\n<div style=\"height:10px\" aria-hidden=\"true\" class=\"wp-block-spacer\"><\/div>\n\n\n\n<ul>\n<li>Fomentar la formaci\u00f3 dels agents sanitaris i sensibilitzar a les institucions i als organismes pastorals presents en el territori, aix\u00ed com col\u00b7laborar amb els organismes p\u00fablics i privats que atenen als serveis sanitaris i formen professionals per a all\u00f2.<\/li>\n<\/ul>\n\n\n\n<div style=\"height:50px\" aria-hidden=\"true\" class=\"wp-block-spacer\"><\/div>\n","protected":false},"excerpt":{"rendered":"<p>La pastoral de la salut \u00e9s la pres\u00e8ncia i l\u2019acci\u00f3 de l\u2019esgl\u00e9sia dirigida a l\u2019evangelitzaci\u00f3 del m\u00f3n sanitari a trav\u00e9s de l\u2019actualitzaci\u00f3 de la pres\u00e8ncia alliberadora, curativa i salvadora de Crist, en la for\u00e7a de l\u2019Esperit Sant. Els objectius de la pastoral de la salut m\u00e9s importants s\u00f3n:<\/p>\n","protected":false},"author":1,"featured_media":0,"parent":0,"menu_order":0,"comment_status":"closed","ping_status":"closed","template":"","meta":[],"yoast_head":"<!-- This site is optimized with the Yoast SEO plugin v20.7 - https:\/\/yoast.com\/wordpress\/plugins\/seo\/ -->\n<title>Qu\u00e8 \u00e9s? - Pastoral Salud Mallorca<\/title>\n<meta name=\"robots\" content=\"index, follow, max-snippet:-1, max-image-preview:large, max-video-preview:-1\" \/>\n<link rel=\"canonical\" href=\"https:\/\/pastoralsaludmallorca.bisbatdemallorca.org\/index.php\/que-es\/\" \/>\n<meta property=\"og:locale\" content=\"ca_ES\" \/>\n<meta property=\"og:type\" content=\"article\" \/>\n<meta property=\"og:title\" content=\"Qu\u00e8 \u00e9s? - Pastoral Salud Mallorca\" \/>\n<meta property=\"og:description\" content=\"La pastoral de la salut \u00e9s la pres\u00e8ncia i l\u2019acci\u00f3 de l\u2019esgl\u00e9sia dirigida a l\u2019evangelitzaci\u00f3 del m\u00f3n sanitari a trav\u00e9s de l\u2019actualitzaci\u00f3 de la pres\u00e8ncia alliberadora, curativa i salvadora de Crist, en la for\u00e7a de l\u2019Esperit Sant. Els objectius de la pastoral de la salut m\u00e9s importants s\u00f3n:\" \/>\n<meta property=\"og:url\" content=\"https:\/\/pastoralsaludmallorca.bisbatdemallorca.org\/index.php\/que-es\/\" \/>\n<meta property=\"og:site_name\" content=\"Pastoral Salud Mallorca\" \/>\n<meta property=\"article:modified_time\" content=\"2023-05-18T18:28:15+00:00\" \/>\n<meta name=\"twitter:card\" content=\"summary_large_image\" \/>\n<meta name=\"twitter:label1\" content=\"Temps estimat de lectura\" \/>\n\t<meta name=\"twitter:data1\" content=\"1 minut\" \/>\n<script type=\"application\/ld+json\" class=\"yoast-schema-graph\">{\"@context\":\"https:\/\/schema.org\",\"@graph\":[{\"@type\":\"WebPage\",\"@id\":\"https:\/\/pastoralsaludmallorca.bisbatdemallorca.org\/index.php\/que-es\/\",\"url\":\"https:\/\/pastoralsaludmallorca.bisbatdemallorca.org\/index.php\/que-es\/\",\"name\":\"Qu\u00e8 \u00e9s? - Pastoral Salud Mallorca\",\"isPartOf\":{\"@id\":\"https:\/\/pastoralsaludmallorca.bisbatdemallorca.org\/#website\"},\"datePublished\":\"2023-01-29T18:33:59+00:00\",\"dateModified\":\"2023-05-18T18:28:15+00:00\",\"breadcrumb\":{\"@id\":\"https:\/\/pastoralsaludmallorca.bisbatdemallorca.org\/index.php\/que-es\/#breadcrumb\"},\"inLanguage\":\"ca\",\"potentialAction\":[{\"@type\":\"ReadAction\",\"target\":[\"https:\/\/pastoralsaludmallorca.bisbatdemallorca.org\/index.php\/que-es\/\"]}]},{\"@type\":\"BreadcrumbList\",\"@id\":\"https:\/\/pastoralsaludmallorca.bisbatdemallorca.org\/index.php\/que-es\/#breadcrumb\",\"itemListElement\":[{\"@type\":\"ListItem\",\"position\":1,\"name\":\"Portada\",\"item\":\"https:\/\/pastoralsaludmallorca.bisbatdemallorca.org\/\"},{\"@type\":\"ListItem\",\"position\":2,\"name\":\"Qu\u00e8 \u00e9s?\"}]},{\"@type\":\"WebSite\",\"@id\":\"https:\/\/pastoralsaludmallorca.bisbatdemallorca.org\/#website\",\"url\":\"https:\/\/pastoralsaludmallorca.bisbatdemallorca.org\/\",\"name\":\"Pastoral Salud Mallorca\",\"description\":\"\",\"publisher\":{\"@id\":\"https:\/\/pastoralsaludmallorca.bisbatdemallorca.org\/#organization\"},\"potentialAction\":[{\"@type\":\"SearchAction\",\"target\":{\"@type\":\"EntryPoint\",\"urlTemplate\":\"https:\/\/pastoralsaludmallorca.bisbatdemallorca.org\/?s={search_term_string}\"},\"query-input\":\"required name=search_term_string\"}],\"inLanguage\":\"ca\"},{\"@type\":\"Organization\",\"@id\":\"https:\/\/pastoralsaludmallorca.bisbatdemallorca.org\/#organization\",\"name\":\"Pastoral Salud Mallorca\",\"url\":\"https:\/\/pastoralsaludmallorca.bisbatdemallorca.org\/\",\"logo\":{\"@type\":\"ImageObject\",\"inLanguage\":\"ca\",\"@id\":\"https:\/\/pastoralsaludmallorca.bisbatdemallorca.org\/#\/schema\/logo\/image\/\",\"url\":\"https:\/\/pastoralsaludmallorca.bisbatdemallorca.org\/wp-content\/uploads\/Dise\u00f1o\/Icono-SALUT.png\",\"contentUrl\":\"https:\/\/pastoralsaludmallorca.bisbatdemallorca.org\/wp-content\/uploads\/Dise\u00f1o\/Icono-SALUT.png\",\"width\":945,\"height\":945,\"caption\":\"Pastoral Salud Mallorca\"},\"image\":{\"@id\":\"https:\/\/pastoralsaludmallorca.bisbatdemallorca.org\/#\/schema\/logo\/image\/\"}}]}<\/script>\n<!-- \/ Yoast SEO plugin. -->","yoast_head_json":{"title":"Qu\u00e8 \u00e9s? - Pastoral Salud Mallorca","robots":{"index":"index","follow":"follow","max-snippet":"max-snippet:-1","max-image-preview":"max-image-preview:large","max-video-preview":"max-video-preview:-1"},"canonical":"https:\/\/pastoralsaludmallorca.bisbatdemallorca.org\/index.php\/que-es\/","og_locale":"ca_ES","og_type":"article","og_title":"Qu\u00e8 \u00e9s? - Pastoral Salud Mallorca","og_description":"La pastoral de la salut \u00e9s la pres\u00e8ncia i l\u2019acci\u00f3 de l\u2019esgl\u00e9sia dirigida a l\u2019evangelitzaci\u00f3 del m\u00f3n sanitari a trav\u00e9s de l\u2019actualitzaci\u00f3 de la pres\u00e8ncia alliberadora, curativa i salvadora de Crist, en la for\u00e7a de l\u2019Esperit Sant. Els objectius de la pastoral de la salut m\u00e9s importants s\u00f3n:","og_url":"https:\/\/pastoralsaludmallorca.bisbatdemallorca.org\/index.php\/que-es\/","og_site_name":"Pastoral Salud Mallorca","article_modified_time":"2023-05-18T18:28:15+00:00","twitter_card":"summary_large_image","twitter_misc":{"Temps estimat de lectura":"1 minut"},"schema":{"@context":"https:\/\/schema.org","@graph":[{"@type":"WebPage","@id":"https:\/\/pastoralsaludmallorca.bisbatdemallorca.org\/index.php\/que-es\/","url":"https:\/\/pastoralsaludmallorca.bisbatdemallorca.org\/index.php\/que-es\/","name":"Qu\u00e8 \u00e9s? - Pastoral Salud Mallorca","isPartOf":{"@id":"https:\/\/pastoralsaludmallorca.bisbatdemallorca.org\/#website"},"datePublished":"2023-01-29T18:33:59+00:00","dateModified":"2023-05-18T18:28:15+00:00","breadcrumb":{"@id":"https:\/\/pastoralsaludmallorca.bisbatdemallorca.org\/index.php\/que-es\/#breadcrumb"},"inLanguage":"ca","potentialAction":[{"@type":"ReadAction","target":["https:\/\/pastoralsaludmallorca.bisbatdemallorca.org\/index.php\/que-es\/"]}]},{"@type":"BreadcrumbList","@id":"https:\/\/pastoralsaludmallorca.bisbatdemallorca.org\/index.php\/que-es\/#breadcrumb","itemListElement":[{"@type":"ListItem","position":1,"name":"Portada","item":"https:\/\/pastoralsaludmallorca.bisbatdemallorca.org\/"},{"@type":"ListItem","position":2,"name":"Qu\u00e8 \u00e9s?"}]},{"@type":"WebSite","@id":"https:\/\/pastoralsaludmallorca.bisbatdemallorca.org\/#website","url":"https:\/\/pastoralsaludmallorca.bisbatdemallorca.org\/","name":"Pastoral Salud Mallorca","description":"","publisher":{"@id":"https:\/\/pastoralsaludmallorca.bisbatdemallorca.org\/#organization"},"potentialAction":[{"@type":"SearchAction","target":{"@type":"EntryPoint","urlTemplate":"https:\/\/pastoralsaludmallorca.bisbatdemallorca.org\/?s={search_term_string}"},"query-input":"required name=search_term_string"}],"inLanguage":"ca"},{"@type":"Organization","@id":"https:\/\/pastoralsaludmallorca.bisbatdemallorca.org\/#organization","name":"Pastoral Salud Mallorca","url":"https:\/\/pastoralsaludmallorca.bisbatdemallorca.org\/","logo":{"@type":"ImageObject","inLanguage":"ca","@id":"https:\/\/pastoralsaludmallorca.bisbatdemallorca.org\/#\/schema\/logo\/image\/","url":"https:\/\/pastoralsaludmallorca.bisbatdemallorca.org\/wp-content\/uploads\/Dise\u00f1o\/Icono-SALUT.png","contentUrl":"https:\/\/pastoralsaludmallorca.bisbatdemallorca.org\/wp-content\/uploads\/Dise\u00f1o\/Icono-SALUT.png","width":945,"height":945,"caption":"Pastoral Salud Mallorca"},"image":{"@id":"https:\/\/pastoralsaludmallorca.bisbatdemallorca.org\/#\/schema\/logo\/image\/"}}]}},"_links":{"self":[{"href":"https:\/\/pastoralsaludmallorca.bisbatdemallorca.org\/index.php\/wp-json\/wp\/v2\/pages\/79"}],"collection":[{"href":"https:\/\/pastoralsaludmallorca.bisbatdemallorca.org\/index.php\/wp-json\/wp\/v2\/pages"}],"about":[{"href":"https:\/\/pastoralsaludmallorca.bisbatdemallorca.org\/index.php\/wp-json\/wp\/v2\/types\/page"}],"author":[{"embeddable":true,"href":"https:\/\/pastoralsaludmallorca.bisbatdemallorca.org\/index.php\/wp-json\/wp\/v2\/users\/1"}],"replies":[{"embeddable":true,"href":"https:\/\/pastoralsaludmallorca.bisbatdemallorca.org\/index.php\/wp-json\/wp\/v2\/comments?post=79"}],"version-history":[{"count":12,"href":"https:\/\/pastoralsaludmallorca.bisbatdemallorca.org\/index.php\/wp-json\/wp\/v2\/pages\/79\/revisions"}],"predecessor-version":[{"id":833,"href":"https:\/\/pastoralsaludmallorca.bisbatdemallorca.org\/index.php\/wp-json\/wp\/v2\/pages\/79\/revisions\/833"}],"wp:attachment":[{"href":"https:\/\/pastoralsaludmallorca.bisbatdemallorca.org\/index.php\/wp-json\/wp\/v2\/media?parent=79"}],"curies":[{"name":"wp","href":"https:\/\/api.w.org\/{rel}","templated":true}]}}