{"id":78,"date":"2023-04-28T12:16:04","date_gmt":"2023-04-28T10:16:04","guid":{"rendered":"https:\/\/pastoralsaludmallorca.bisbatdemallorca.org\/?page_id=78"},"modified":"2023-04-28T13:38:25","modified_gmt":"2023-04-28T11:38:25","slug":"ambits-dactuacio-on-es-fa-present","status":"publish","type":"page","link":"https:\/\/pastoralsaludmallorca.bisbatdemallorca.org\/index.php\/ambits-dactuacio-on-es-fa-present\/","title":{"rendered":"\u00c0mbits d&#8217;actuaci\u00f3 on es fa present"},"content":{"rendered":"\n<p><\/p>\n\n\n\n<p>AMBIT HOSPITALARI<\/p>\n\n\n\n<div style=\"height:20px\" aria-hidden=\"true\" class=\"wp-block-spacer\"><\/div>\n\n\n\n<ul type=\"a\">\n<li><strong><em>\u00c0rea de pacients i entorn socio-familiar<\/em><\/strong><\/li>\n<\/ul>\n\n\n\n<p><strong>&nbsp;&nbsp;&nbsp;&nbsp;&nbsp;&nbsp;&nbsp;&nbsp;&nbsp;&nbsp;&nbsp; <\/strong>Aquesta \u00e0rea intenta fer present en l\u2019experi\u00e8ncia de la malaltia, com a viv\u00e8ncia humana de fragilitat i en molts de casos de ruptura. Es pot anomenar&nbsp; col\u00b7loquialment l\u2019\u00e0rea de l\u2019habitaci\u00f3, ja que normalment \u00e9s l\u2019escenari d\u2019actuaci\u00f3 de la AER (Atenci\u00f3 Espiritual-Religiosa).<\/p>\n\n\n\n<div style=\"height:15px\" aria-hidden=\"true\" class=\"wp-block-spacer\"><\/div>\n\n\n\n<p>&nbsp;&nbsp;&nbsp;&nbsp;&nbsp;&nbsp;&nbsp;&nbsp;&nbsp;&nbsp;&nbsp; Normalment en un hospital sociosanitari possibilita a mantenir una relaci\u00f3 amplia amb el malalt i la seva fam\u00edlia, ja que l\u2019ingr\u00e9s sol ser llarg. Aix\u00f2 \u00e9s d\u2019una gran ajuda per a mantenir una relaci\u00f3 amb gran capacitat de coneixement provocant en molts de casos una amistat terap\u00e8utica, generant un alt grau de confian\u00e7a.<\/p>\n\n\n\n<div style=\"height:15px\" aria-hidden=\"true\" class=\"wp-block-spacer\"><\/div>\n\n\n\n<p>&nbsp;&nbsp;&nbsp;&nbsp;&nbsp;&nbsp;&nbsp;&nbsp;&nbsp;&nbsp;&nbsp; La malaltia, en la majoria de casos, no actua nom\u00e9s en el malalt, sin\u00f3 en tot el seu entorn social i familiar. En moltes ocasions les paraules o ll\u00e0grimes o expressions &nbsp;poden servir de informaci\u00f3 per a poder con\u00e8ixer i descobrir la realitat o situaci\u00f3 personal del malalt. Els \u201cprotagonistes secundaris\u201d s\u00f3n la fam\u00edlia i\/o amics \u00edntims.<\/p>\n\n\n\n<div style=\"height:20px\" aria-hidden=\"true\" class=\"wp-block-spacer\"><\/div>\n\n\n\n<ul>\n<li><strong><em>\u00c0rea de personal sanitari<\/em><\/strong><\/li>\n<\/ul>\n\n\n\n<p>&nbsp;&nbsp;&nbsp;&nbsp;&nbsp;&nbsp;&nbsp;&nbsp;&nbsp;&nbsp;&nbsp; El servei del AER no nom\u00e9s \u00e9s ofert als pacients o entorn s\u00f2cio-familiar, sin\u00f3 tamb\u00e9 a tota la comunitat sanit\u00e0ria, entre els qui es troben, metges, infermers i altres professionals. A ells tamb\u00e9 se\u2019ls ofereix aquest recurs de salut.<\/p>\n\n\n\n<div style=\"height:20px\" aria-hidden=\"true\" class=\"wp-block-spacer\"><\/div>\n\n\n\n<ul>\n<li><strong><em>\u00c0rea de personal no sanitari<\/em><\/strong><\/li>\n<\/ul>\n\n\n\n<p><strong>&nbsp;&nbsp;&nbsp;&nbsp;&nbsp;&nbsp;&nbsp;&nbsp;&nbsp;&nbsp;&nbsp; <\/strong>En la comunitat sanit\u00e0ria no tan sols existeixen els professionals sanitaris, sin\u00f3 tamb\u00e9 persones que se dediquen a que tot l\u2019entramat assistencial se pugui dur a terme. Servei de manteniment i neteja, servei de seguretat i administratius, treballadors socials, psic\u00f2legs, etc.\u2026<\/p>\n\n\n\n<div style=\"height:15px\" aria-hidden=\"true\" class=\"wp-block-spacer\"><\/div>\n\n\n\n<p>A ells va dirigit tamb\u00e9 la nostra atenci\u00f3. Per aix\u00f2 aquest servei \u00e9s per a les persones i no un servei tan sols institucional.<\/p>\n\n\n\n<div style=\"height:20px\" aria-hidden=\"true\" class=\"wp-block-spacer\"><\/div>\n\n\n\n<ul>\n<li><strong><em>\u00c0rea d\u2019agents de pastoral i voluntaris<\/em><\/strong><\/li>\n<\/ul>\n\n\n\n<p><strong>&nbsp;&nbsp;&nbsp;&nbsp;&nbsp;&nbsp;&nbsp;&nbsp;&nbsp;&nbsp;&nbsp; <\/strong>En aquesta \u00e0rea la intervenci\u00f3 de la AER actua des de la supervisi\u00f3 i acompanyament personal i grupal delsagents de pastoral i voluntaris.<\/p>\n\n\n\n<div style=\"height:20px\" aria-hidden=\"true\" class=\"wp-block-spacer\"><\/div>\n\n\n\n<p>\u00c0MBIT  RESIDENCIAL<\/p>\n\n\n\n<p>AMBIT DOMICILIARI<\/p>\n\n\n\n<p>\u00c0MBIT TANATORIS-CEMENTERIS<\/p>\n\n\n\n<p>\u00c0MBIT D&#8217;ESCOLTA I ATENCI\u00d3 AL DOL<\/p>\n\n\n\n<div style=\"height:35px\" aria-hidden=\"true\" class=\"wp-block-spacer\"><\/div>\n","protected":false},"excerpt":{"rendered":"<p>AMBIT HOSPITALARI &nbsp;&nbsp;&nbsp;&nbsp;&nbsp;&nbsp;&nbsp;&nbsp;&nbsp;&nbsp;&nbsp; Aquesta \u00e0rea intenta fer present en l\u2019experi\u00e8ncia de la malaltia, com a viv\u00e8ncia humana de fragilitat i en molts de casos de ruptura. Es pot anomenar&nbsp; col\u00b7loquialment l\u2019\u00e0rea de l\u2019habitaci\u00f3, ja que normalment \u00e9s l\u2019escenari d\u2019actuaci\u00f3 de la AER (Atenci\u00f3 Espiritual-Religiosa). &nbsp;&nbsp;&nbsp;&nbsp;&nbsp;&nbsp;&nbsp;&nbsp;&nbsp;&nbsp;&nbsp; Normalment en un hospital sociosanitari possibilita a mantenir una relaci\u00f3 [&hellip;]<\/p>\n","protected":false},"author":1,"featured_media":0,"parent":0,"menu_order":0,"comment_status":"closed","ping_status":"closed","template":"","meta":[],"yoast_head":"<!-- This site is optimized with the Yoast SEO plugin v20.7 - https:\/\/yoast.com\/wordpress\/plugins\/seo\/ -->\n<title>\u00c0mbits d&#039;actuaci\u00f3 on es fa present - Pastoral Salud Mallorca<\/title>\n<meta name=\"robots\" content=\"index, follow, max-snippet:-1, max-image-preview:large, max-video-preview:-1\" \/>\n<link rel=\"canonical\" href=\"https:\/\/pastoralsaludmallorca.bisbatdemallorca.org\/index.php\/ambits-dactuacio-on-es-fa-present\/\" \/>\n<meta property=\"og:locale\" content=\"ca_ES\" \/>\n<meta property=\"og:type\" content=\"article\" \/>\n<meta property=\"og:title\" content=\"\u00c0mbits d&#039;actuaci\u00f3 on es fa present - Pastoral Salud Mallorca\" \/>\n<meta property=\"og:description\" content=\"AMBIT HOSPITALARI &nbsp;&nbsp;&nbsp;&nbsp;&nbsp;&nbsp;&nbsp;&nbsp;&nbsp;&nbsp;&nbsp; Aquesta \u00e0rea intenta fer present en l\u2019experi\u00e8ncia de la malaltia, com a viv\u00e8ncia humana de fragilitat i en molts de casos de ruptura. Es pot anomenar&nbsp; col\u00b7loquialment l\u2019\u00e0rea de l\u2019habitaci\u00f3, ja que normalment \u00e9s l\u2019escenari d\u2019actuaci\u00f3 de la AER (Atenci\u00f3 Espiritual-Religiosa). &nbsp;&nbsp;&nbsp;&nbsp;&nbsp;&nbsp;&nbsp;&nbsp;&nbsp;&nbsp;&nbsp; Normalment en un hospital sociosanitari possibilita a mantenir una relaci\u00f3 [&hellip;]\" \/>\n<meta property=\"og:url\" content=\"https:\/\/pastoralsaludmallorca.bisbatdemallorca.org\/index.php\/ambits-dactuacio-on-es-fa-present\/\" \/>\n<meta property=\"og:site_name\" content=\"Pastoral Salud Mallorca\" \/>\n<meta property=\"article:modified_time\" content=\"2023-04-28T11:38:25+00:00\" \/>\n<meta name=\"twitter:card\" content=\"summary_large_image\" \/>\n<meta name=\"twitter:label1\" content=\"Temps estimat de lectura\" \/>\n\t<meta name=\"twitter:data1\" content=\"2 minuts\" \/>\n<script type=\"application\/ld+json\" class=\"yoast-schema-graph\">{\"@context\":\"https:\/\/schema.org\",\"@graph\":[{\"@type\":\"WebPage\",\"@id\":\"https:\/\/pastoralsaludmallorca.bisbatdemallorca.org\/index.php\/ambits-dactuacio-on-es-fa-present\/\",\"url\":\"https:\/\/pastoralsaludmallorca.bisbatdemallorca.org\/index.php\/ambits-dactuacio-on-es-fa-present\/\",\"name\":\"\u00c0mbits d'actuaci\u00f3 on es fa present - Pastoral Salud Mallorca\",\"isPartOf\":{\"@id\":\"https:\/\/pastoralsaludmallorca.bisbatdemallorca.org\/#website\"},\"datePublished\":\"2023-04-28T10:16:04+00:00\",\"dateModified\":\"2023-04-28T11:38:25+00:00\",\"breadcrumb\":{\"@id\":\"https:\/\/pastoralsaludmallorca.bisbatdemallorca.org\/index.php\/ambits-dactuacio-on-es-fa-present\/#breadcrumb\"},\"inLanguage\":\"ca\",\"potentialAction\":[{\"@type\":\"ReadAction\",\"target\":[\"https:\/\/pastoralsaludmallorca.bisbatdemallorca.org\/index.php\/ambits-dactuacio-on-es-fa-present\/\"]}]},{\"@type\":\"BreadcrumbList\",\"@id\":\"https:\/\/pastoralsaludmallorca.bisbatdemallorca.org\/index.php\/ambits-dactuacio-on-es-fa-present\/#breadcrumb\",\"itemListElement\":[{\"@type\":\"ListItem\",\"position\":1,\"name\":\"Portada\",\"item\":\"https:\/\/pastoralsaludmallorca.bisbatdemallorca.org\/\"},{\"@type\":\"ListItem\",\"position\":2,\"name\":\"\u00c0mbits d&#8217;actuaci\u00f3 on es fa present\"}]},{\"@type\":\"WebSite\",\"@id\":\"https:\/\/pastoralsaludmallorca.bisbatdemallorca.org\/#website\",\"url\":\"https:\/\/pastoralsaludmallorca.bisbatdemallorca.org\/\",\"name\":\"Pastoral Salud Mallorca\",\"description\":\"\",\"publisher\":{\"@id\":\"https:\/\/pastoralsaludmallorca.bisbatdemallorca.org\/#organization\"},\"potentialAction\":[{\"@type\":\"SearchAction\",\"target\":{\"@type\":\"EntryPoint\",\"urlTemplate\":\"https:\/\/pastoralsaludmallorca.bisbatdemallorca.org\/?s={search_term_string}\"},\"query-input\":\"required name=search_term_string\"}],\"inLanguage\":\"ca\"},{\"@type\":\"Organization\",\"@id\":\"https:\/\/pastoralsaludmallorca.bisbatdemallorca.org\/#organization\",\"name\":\"Pastoral Salud Mallorca\",\"url\":\"https:\/\/pastoralsaludmallorca.bisbatdemallorca.org\/\",\"logo\":{\"@type\":\"ImageObject\",\"inLanguage\":\"ca\",\"@id\":\"https:\/\/pastoralsaludmallorca.bisbatdemallorca.org\/#\/schema\/logo\/image\/\",\"url\":\"https:\/\/pastoralsaludmallorca.bisbatdemallorca.org\/wp-content\/uploads\/Dise\u00f1o\/Icono-SALUT.png\",\"contentUrl\":\"https:\/\/pastoralsaludmallorca.bisbatdemallorca.org\/wp-content\/uploads\/Dise\u00f1o\/Icono-SALUT.png\",\"width\":945,\"height\":945,\"caption\":\"Pastoral Salud Mallorca\"},\"image\":{\"@id\":\"https:\/\/pastoralsaludmallorca.bisbatdemallorca.org\/#\/schema\/logo\/image\/\"}}]}<\/script>\n<!-- \/ Yoast SEO plugin. -->","yoast_head_json":{"title":"\u00c0mbits d'actuaci\u00f3 on es fa present - Pastoral Salud Mallorca","robots":{"index":"index","follow":"follow","max-snippet":"max-snippet:-1","max-image-preview":"max-image-preview:large","max-video-preview":"max-video-preview:-1"},"canonical":"https:\/\/pastoralsaludmallorca.bisbatdemallorca.org\/index.php\/ambits-dactuacio-on-es-fa-present\/","og_locale":"ca_ES","og_type":"article","og_title":"\u00c0mbits d'actuaci\u00f3 on es fa present - Pastoral Salud Mallorca","og_description":"AMBIT HOSPITALARI &nbsp;&nbsp;&nbsp;&nbsp;&nbsp;&nbsp;&nbsp;&nbsp;&nbsp;&nbsp;&nbsp; Aquesta \u00e0rea intenta fer present en l\u2019experi\u00e8ncia de la malaltia, com a viv\u00e8ncia humana de fragilitat i en molts de casos de ruptura. Es pot anomenar&nbsp; col\u00b7loquialment l\u2019\u00e0rea de l\u2019habitaci\u00f3, ja que normalment \u00e9s l\u2019escenari d\u2019actuaci\u00f3 de la AER (Atenci\u00f3 Espiritual-Religiosa). &nbsp;&nbsp;&nbsp;&nbsp;&nbsp;&nbsp;&nbsp;&nbsp;&nbsp;&nbsp;&nbsp; Normalment en un hospital sociosanitari possibilita a mantenir una relaci\u00f3 [&hellip;]","og_url":"https:\/\/pastoralsaludmallorca.bisbatdemallorca.org\/index.php\/ambits-dactuacio-on-es-fa-present\/","og_site_name":"Pastoral Salud Mallorca","article_modified_time":"2023-04-28T11:38:25+00:00","twitter_card":"summary_large_image","twitter_misc":{"Temps estimat de lectura":"2 minuts"},"schema":{"@context":"https:\/\/schema.org","@graph":[{"@type":"WebPage","@id":"https:\/\/pastoralsaludmallorca.bisbatdemallorca.org\/index.php\/ambits-dactuacio-on-es-fa-present\/","url":"https:\/\/pastoralsaludmallorca.bisbatdemallorca.org\/index.php\/ambits-dactuacio-on-es-fa-present\/","name":"\u00c0mbits d'actuaci\u00f3 on es fa present - Pastoral Salud Mallorca","isPartOf":{"@id":"https:\/\/pastoralsaludmallorca.bisbatdemallorca.org\/#website"},"datePublished":"2023-04-28T10:16:04+00:00","dateModified":"2023-04-28T11:38:25+00:00","breadcrumb":{"@id":"https:\/\/pastoralsaludmallorca.bisbatdemallorca.org\/index.php\/ambits-dactuacio-on-es-fa-present\/#breadcrumb"},"inLanguage":"ca","potentialAction":[{"@type":"ReadAction","target":["https:\/\/pastoralsaludmallorca.bisbatdemallorca.org\/index.php\/ambits-dactuacio-on-es-fa-present\/"]}]},{"@type":"BreadcrumbList","@id":"https:\/\/pastoralsaludmallorca.bisbatdemallorca.org\/index.php\/ambits-dactuacio-on-es-fa-present\/#breadcrumb","itemListElement":[{"@type":"ListItem","position":1,"name":"Portada","item":"https:\/\/pastoralsaludmallorca.bisbatdemallorca.org\/"},{"@type":"ListItem","position":2,"name":"\u00c0mbits d&#8217;actuaci\u00f3 on es fa present"}]},{"@type":"WebSite","@id":"https:\/\/pastoralsaludmallorca.bisbatdemallorca.org\/#website","url":"https:\/\/pastoralsaludmallorca.bisbatdemallorca.org\/","name":"Pastoral Salud Mallorca","description":"","publisher":{"@id":"https:\/\/pastoralsaludmallorca.bisbatdemallorca.org\/#organization"},"potentialAction":[{"@type":"SearchAction","target":{"@type":"EntryPoint","urlTemplate":"https:\/\/pastoralsaludmallorca.bisbatdemallorca.org\/?s={search_term_string}"},"query-input":"required name=search_term_string"}],"inLanguage":"ca"},{"@type":"Organization","@id":"https:\/\/pastoralsaludmallorca.bisbatdemallorca.org\/#organization","name":"Pastoral Salud Mallorca","url":"https:\/\/pastoralsaludmallorca.bisbatdemallorca.org\/","logo":{"@type":"ImageObject","inLanguage":"ca","@id":"https:\/\/pastoralsaludmallorca.bisbatdemallorca.org\/#\/schema\/logo\/image\/","url":"https:\/\/pastoralsaludmallorca.bisbatdemallorca.org\/wp-content\/uploads\/Dise\u00f1o\/Icono-SALUT.png","contentUrl":"https:\/\/pastoralsaludmallorca.bisbatdemallorca.org\/wp-content\/uploads\/Dise\u00f1o\/Icono-SALUT.png","width":945,"height":945,"caption":"Pastoral Salud Mallorca"},"image":{"@id":"https:\/\/pastoralsaludmallorca.bisbatdemallorca.org\/#\/schema\/logo\/image\/"}}]}},"_links":{"self":[{"href":"https:\/\/pastoralsaludmallorca.bisbatdemallorca.org\/index.php\/wp-json\/wp\/v2\/pages\/78"}],"collection":[{"href":"https:\/\/pastoralsaludmallorca.bisbatdemallorca.org\/index.php\/wp-json\/wp\/v2\/pages"}],"about":[{"href":"https:\/\/pastoralsaludmallorca.bisbatdemallorca.org\/index.php\/wp-json\/wp\/v2\/types\/page"}],"author":[{"embeddable":true,"href":"https:\/\/pastoralsaludmallorca.bisbatdemallorca.org\/index.php\/wp-json\/wp\/v2\/users\/1"}],"replies":[{"embeddable":true,"href":"https:\/\/pastoralsaludmallorca.bisbatdemallorca.org\/index.php\/wp-json\/wp\/v2\/comments?post=78"}],"version-history":[{"count":15,"href":"https:\/\/pastoralsaludmallorca.bisbatdemallorca.org\/index.php\/wp-json\/wp\/v2\/pages\/78\/revisions"}],"predecessor-version":[{"id":816,"href":"https:\/\/pastoralsaludmallorca.bisbatdemallorca.org\/index.php\/wp-json\/wp\/v2\/pages\/78\/revisions\/816"}],"wp:attachment":[{"href":"https:\/\/pastoralsaludmallorca.bisbatdemallorca.org\/index.php\/wp-json\/wp\/v2\/media?parent=78"}],"curies":[{"name":"wp","href":"https:\/\/api.w.org\/{rel}","templated":true}]}}