{"id":742,"date":"2023-04-03T12:59:35","date_gmt":"2023-04-03T10:59:35","guid":{"rendered":"https:\/\/pastoralsaludmallorca.bisbatdemallorca.org\/?page_id=742"},"modified":"2023-05-18T20:26:21","modified_gmt":"2023-05-18T18:26:21","slug":"que-es-el-agent-de-la-pastoral","status":"publish","type":"page","link":"https:\/\/pastoralsaludmallorca.bisbatdemallorca.org\/index.php\/que-es-el-agent-de-la-pastoral\/","title":{"rendered":"Qu\u00e8 \u00e9s el Agent de la Pastoral?"},"content":{"rendered":"\n<p>Los agentes de pastoral de la salud son los llamados por el Se\u00f1or&nbsp;<br>y enviados por la Iglesia a evangelizar este mundo complejo de la&nbsp;<br>salud, de la enfermedad, de la vida, de la muerte, de la sanidad, etc.&nbsp;<br>Los caminos por los que el Se\u00f1or nos puede llamar son muy variados.&nbsp;<br><br>Los agentes de pastoral de la salud debe ser fiel a Jesucristo, a la&nbsp;<br>Iglesia y al enfermo. Fiel a Jesucristo evangelizando este mundo de la&nbsp;<br>salud y de la enfermedad al estilo del Maestro. Fiel a la Iglesia, pues&nbsp;<br>por ella es enviado. Fiel al enfermo, pues \u00e9l es &#8220;el camino que ha de&nbsp;<br>recorrer en el cumplimiento de su misi\u00f3n&#8221; (SD 3).&nbsp;<\/p>\n\n\n\n<div style=\"height:35px\" aria-hidden=\"true\" class=\"wp-block-spacer\"><\/div>\n\n\n\n<p>Los agentes pastorales acompa\u00f1an a los enfermos en instituciones de salud (hospitales, cl\u00ednicas, centros de salud), hogares de ancianos y en domicilios particulares. Indicamos cualidades, conocimientos, aptitudes, actitudes, tareas,&nbsp;<br>etc., que se piden al agente de pastoral de la salud y no al voluntario&nbsp;<br>en cuanto tal:&nbsp;<br><br>&#8211; Fe cristiana.&nbsp;<br>&#8211; Formaci\u00f3n cristiana suficiente para dar raz\u00f3n de su fe.&nbsp;<br>&#8211; Que la motivaci\u00f3n fundamental que le empuja a su actividad&nbsp;<br>voluntaria y pastoral sea la fe cristiana.&nbsp;<br>&#8211; Dar, anunciar la Buena Noticia, evangelizar el mundo de la salud y&nbsp;<br>de la enfermedad, con palabras, hechos, es decir: difundiendo el&nbsp;<br>mensaje cristiano, siendo testimonio con sus obras del Amor de Dios y&nbsp;<br>celebrando su fe en los sacramentos.&nbsp;<br>&#8211; Hacer una opci\u00f3n preferencial, como la hizo el Maestro, por los&nbsp;<br>m\u00e1s desasistidos y marginados.&nbsp;<br>&#8211; Prestar asistencia religiosa a los creyentes cristianos enfermos,&nbsp;<br>familiares, sanitarios que lo soliciten.&nbsp;<br>&#8211; Conocer bien y seguir fielmente las ense\u00f1anzas de la Iglesia y&nbsp;<br>orientaciones en lo que toca a la Pastoral de la Salud, pues la Iglesia&nbsp;<br>le env\u00eda y en su nombre se presenta y act\u00faa.&nbsp;<br>&#8211; Defender la vida desde la concepci\u00f3n hasta la muerte.&nbsp;<br>&#8211; Iluminar desde la fe los conflictos \u00e9ticos, los interrogantes que se&nbsp;<br>plantean en este mundo, bien sea en los sanitarios, enfermos o&nbsp;<br>familiares.&nbsp;<br>&#8211; Trabajar para que el Reino de Dios se vaya haciendo presente en&nbsp;<br>este mundo de la Sanidad y de la salud y de la enfermedad.&nbsp;<br>&#8211; El punto de referencia para su acci\u00f3n ha de ser Jesucristo.<br>&#8211; Rezar por los enfermos, por sus familiares y los sanitarios.&nbsp;<br>&#8211; Alimentarse con la Palabra de Dios, la oraci\u00f3n y los sacramentos<\/p>\n\n\n\n<div style=\"height:35px\" aria-hidden=\"true\" class=\"wp-block-spacer\"><\/div>\n\n\n\n<p>La iglesia que considera al enfermo como parte integrante de la mision lo asume como momento de su ministerio, ministerio terapeutico de los cuales los agentes de la salud participan de la accion pastoral y evangelizadora.<\/p>\n\n\n\n<div style=\"height:50px\" aria-hidden=\"true\" class=\"wp-block-spacer\"><\/div>\n","protected":false},"excerpt":{"rendered":"<p>Los agentes de pastoral de la salud son los llamados por el Se\u00f1or&nbsp;y enviados por la Iglesia a evangelizar este mundo complejo de la&nbsp;salud, de la enfermedad, de la vida, de la muerte, de la sanidad, etc.&nbsp;Los caminos por los que el Se\u00f1or nos puede llamar son muy variados.&nbsp; Los agentes de pastoral de la [&hellip;]<\/p>\n","protected":false},"author":1,"featured_media":0,"parent":0,"menu_order":0,"comment_status":"closed","ping_status":"closed","template":"","meta":[],"yoast_head":"<!-- This site is optimized with the Yoast SEO plugin v20.7 - https:\/\/yoast.com\/wordpress\/plugins\/seo\/ -->\n<title>Qu\u00e8 \u00e9s el Agent de la Pastoral? - Pastoral Salud Mallorca<\/title>\n<meta name=\"robots\" content=\"index, follow, max-snippet:-1, max-image-preview:large, max-video-preview:-1\" \/>\n<link rel=\"canonical\" href=\"https:\/\/pastoralsaludmallorca.bisbatdemallorca.org\/index.php\/que-es-el-agent-de-la-pastoral\/\" \/>\n<meta property=\"og:locale\" content=\"ca_ES\" \/>\n<meta property=\"og:type\" content=\"article\" \/>\n<meta property=\"og:title\" content=\"Qu\u00e8 \u00e9s el Agent de la Pastoral? - Pastoral Salud Mallorca\" \/>\n<meta property=\"og:description\" content=\"Los agentes de pastoral de la salud son los llamados por el Se\u00f1or&nbsp;y enviados por la Iglesia a evangelizar este mundo complejo de la&nbsp;salud, de la enfermedad, de la vida, de la muerte, de la sanidad, etc.&nbsp;Los caminos por los que el Se\u00f1or nos puede llamar son muy variados.&nbsp; Los agentes de pastoral de la [&hellip;]\" \/>\n<meta property=\"og:url\" content=\"https:\/\/pastoralsaludmallorca.bisbatdemallorca.org\/index.php\/que-es-el-agent-de-la-pastoral\/\" \/>\n<meta property=\"og:site_name\" content=\"Pastoral Salud Mallorca\" \/>\n<meta property=\"article:modified_time\" content=\"2023-05-18T18:26:21+00:00\" \/>\n<meta name=\"twitter:card\" content=\"summary_large_image\" \/>\n<meta name=\"twitter:label1\" content=\"Temps estimat de lectura\" \/>\n\t<meta name=\"twitter:data1\" content=\"3 minuts\" \/>\n<script type=\"application\/ld+json\" class=\"yoast-schema-graph\">{\"@context\":\"https:\/\/schema.org\",\"@graph\":[{\"@type\":\"WebPage\",\"@id\":\"https:\/\/pastoralsaludmallorca.bisbatdemallorca.org\/index.php\/que-es-el-agent-de-la-pastoral\/\",\"url\":\"https:\/\/pastoralsaludmallorca.bisbatdemallorca.org\/index.php\/que-es-el-agent-de-la-pastoral\/\",\"name\":\"Qu\u00e8 \u00e9s el Agent de la Pastoral? - Pastoral Salud Mallorca\",\"isPartOf\":{\"@id\":\"https:\/\/pastoralsaludmallorca.bisbatdemallorca.org\/#website\"},\"datePublished\":\"2023-04-03T10:59:35+00:00\",\"dateModified\":\"2023-05-18T18:26:21+00:00\",\"breadcrumb\":{\"@id\":\"https:\/\/pastoralsaludmallorca.bisbatdemallorca.org\/index.php\/que-es-el-agent-de-la-pastoral\/#breadcrumb\"},\"inLanguage\":\"ca\",\"potentialAction\":[{\"@type\":\"ReadAction\",\"target\":[\"https:\/\/pastoralsaludmallorca.bisbatdemallorca.org\/index.php\/que-es-el-agent-de-la-pastoral\/\"]}]},{\"@type\":\"BreadcrumbList\",\"@id\":\"https:\/\/pastoralsaludmallorca.bisbatdemallorca.org\/index.php\/que-es-el-agent-de-la-pastoral\/#breadcrumb\",\"itemListElement\":[{\"@type\":\"ListItem\",\"position\":1,\"name\":\"Portada\",\"item\":\"https:\/\/pastoralsaludmallorca.bisbatdemallorca.org\/\"},{\"@type\":\"ListItem\",\"position\":2,\"name\":\"Qu\u00e8 \u00e9s el Agent de la Pastoral?\"}]},{\"@type\":\"WebSite\",\"@id\":\"https:\/\/pastoralsaludmallorca.bisbatdemallorca.org\/#website\",\"url\":\"https:\/\/pastoralsaludmallorca.bisbatdemallorca.org\/\",\"name\":\"Pastoral Salud Mallorca\",\"description\":\"\",\"publisher\":{\"@id\":\"https:\/\/pastoralsaludmallorca.bisbatdemallorca.org\/#organization\"},\"potentialAction\":[{\"@type\":\"SearchAction\",\"target\":{\"@type\":\"EntryPoint\",\"urlTemplate\":\"https:\/\/pastoralsaludmallorca.bisbatdemallorca.org\/?s={search_term_string}\"},\"query-input\":\"required name=search_term_string\"}],\"inLanguage\":\"ca\"},{\"@type\":\"Organization\",\"@id\":\"https:\/\/pastoralsaludmallorca.bisbatdemallorca.org\/#organization\",\"name\":\"Pastoral Salud Mallorca\",\"url\":\"https:\/\/pastoralsaludmallorca.bisbatdemallorca.org\/\",\"logo\":{\"@type\":\"ImageObject\",\"inLanguage\":\"ca\",\"@id\":\"https:\/\/pastoralsaludmallorca.bisbatdemallorca.org\/#\/schema\/logo\/image\/\",\"url\":\"https:\/\/pastoralsaludmallorca.bisbatdemallorca.org\/wp-content\/uploads\/Dise\u00f1o\/Icono-SALUT.png\",\"contentUrl\":\"https:\/\/pastoralsaludmallorca.bisbatdemallorca.org\/wp-content\/uploads\/Dise\u00f1o\/Icono-SALUT.png\",\"width\":945,\"height\":945,\"caption\":\"Pastoral Salud Mallorca\"},\"image\":{\"@id\":\"https:\/\/pastoralsaludmallorca.bisbatdemallorca.org\/#\/schema\/logo\/image\/\"}}]}<\/script>\n<!-- \/ Yoast SEO plugin. -->","yoast_head_json":{"title":"Qu\u00e8 \u00e9s el Agent de la Pastoral? - Pastoral Salud Mallorca","robots":{"index":"index","follow":"follow","max-snippet":"max-snippet:-1","max-image-preview":"max-image-preview:large","max-video-preview":"max-video-preview:-1"},"canonical":"https:\/\/pastoralsaludmallorca.bisbatdemallorca.org\/index.php\/que-es-el-agent-de-la-pastoral\/","og_locale":"ca_ES","og_type":"article","og_title":"Qu\u00e8 \u00e9s el Agent de la Pastoral? - Pastoral Salud Mallorca","og_description":"Los agentes de pastoral de la salud son los llamados por el Se\u00f1or&nbsp;y enviados por la Iglesia a evangelizar este mundo complejo de la&nbsp;salud, de la enfermedad, de la vida, de la muerte, de la sanidad, etc.&nbsp;Los caminos por los que el Se\u00f1or nos puede llamar son muy variados.&nbsp; Los agentes de pastoral de la [&hellip;]","og_url":"https:\/\/pastoralsaludmallorca.bisbatdemallorca.org\/index.php\/que-es-el-agent-de-la-pastoral\/","og_site_name":"Pastoral Salud Mallorca","article_modified_time":"2023-05-18T18:26:21+00:00","twitter_card":"summary_large_image","twitter_misc":{"Temps estimat de lectura":"3 minuts"},"schema":{"@context":"https:\/\/schema.org","@graph":[{"@type":"WebPage","@id":"https:\/\/pastoralsaludmallorca.bisbatdemallorca.org\/index.php\/que-es-el-agent-de-la-pastoral\/","url":"https:\/\/pastoralsaludmallorca.bisbatdemallorca.org\/index.php\/que-es-el-agent-de-la-pastoral\/","name":"Qu\u00e8 \u00e9s el Agent de la Pastoral? - Pastoral Salud Mallorca","isPartOf":{"@id":"https:\/\/pastoralsaludmallorca.bisbatdemallorca.org\/#website"},"datePublished":"2023-04-03T10:59:35+00:00","dateModified":"2023-05-18T18:26:21+00:00","breadcrumb":{"@id":"https:\/\/pastoralsaludmallorca.bisbatdemallorca.org\/index.php\/que-es-el-agent-de-la-pastoral\/#breadcrumb"},"inLanguage":"ca","potentialAction":[{"@type":"ReadAction","target":["https:\/\/pastoralsaludmallorca.bisbatdemallorca.org\/index.php\/que-es-el-agent-de-la-pastoral\/"]}]},{"@type":"BreadcrumbList","@id":"https:\/\/pastoralsaludmallorca.bisbatdemallorca.org\/index.php\/que-es-el-agent-de-la-pastoral\/#breadcrumb","itemListElement":[{"@type":"ListItem","position":1,"name":"Portada","item":"https:\/\/pastoralsaludmallorca.bisbatdemallorca.org\/"},{"@type":"ListItem","position":2,"name":"Qu\u00e8 \u00e9s el Agent de la Pastoral?"}]},{"@type":"WebSite","@id":"https:\/\/pastoralsaludmallorca.bisbatdemallorca.org\/#website","url":"https:\/\/pastoralsaludmallorca.bisbatdemallorca.org\/","name":"Pastoral Salud Mallorca","description":"","publisher":{"@id":"https:\/\/pastoralsaludmallorca.bisbatdemallorca.org\/#organization"},"potentialAction":[{"@type":"SearchAction","target":{"@type":"EntryPoint","urlTemplate":"https:\/\/pastoralsaludmallorca.bisbatdemallorca.org\/?s={search_term_string}"},"query-input":"required name=search_term_string"}],"inLanguage":"ca"},{"@type":"Organization","@id":"https:\/\/pastoralsaludmallorca.bisbatdemallorca.org\/#organization","name":"Pastoral Salud Mallorca","url":"https:\/\/pastoralsaludmallorca.bisbatdemallorca.org\/","logo":{"@type":"ImageObject","inLanguage":"ca","@id":"https:\/\/pastoralsaludmallorca.bisbatdemallorca.org\/#\/schema\/logo\/image\/","url":"https:\/\/pastoralsaludmallorca.bisbatdemallorca.org\/wp-content\/uploads\/Dise\u00f1o\/Icono-SALUT.png","contentUrl":"https:\/\/pastoralsaludmallorca.bisbatdemallorca.org\/wp-content\/uploads\/Dise\u00f1o\/Icono-SALUT.png","width":945,"height":945,"caption":"Pastoral Salud Mallorca"},"image":{"@id":"https:\/\/pastoralsaludmallorca.bisbatdemallorca.org\/#\/schema\/logo\/image\/"}}]}},"_links":{"self":[{"href":"https:\/\/pastoralsaludmallorca.bisbatdemallorca.org\/index.php\/wp-json\/wp\/v2\/pages\/742"}],"collection":[{"href":"https:\/\/pastoralsaludmallorca.bisbatdemallorca.org\/index.php\/wp-json\/wp\/v2\/pages"}],"about":[{"href":"https:\/\/pastoralsaludmallorca.bisbatdemallorca.org\/index.php\/wp-json\/wp\/v2\/types\/page"}],"author":[{"embeddable":true,"href":"https:\/\/pastoralsaludmallorca.bisbatdemallorca.org\/index.php\/wp-json\/wp\/v2\/users\/1"}],"replies":[{"embeddable":true,"href":"https:\/\/pastoralsaludmallorca.bisbatdemallorca.org\/index.php\/wp-json\/wp\/v2\/comments?post=742"}],"version-history":[{"count":6,"href":"https:\/\/pastoralsaludmallorca.bisbatdemallorca.org\/index.php\/wp-json\/wp\/v2\/pages\/742\/revisions"}],"predecessor-version":[{"id":831,"href":"https:\/\/pastoralsaludmallorca.bisbatdemallorca.org\/index.php\/wp-json\/wp\/v2\/pages\/742\/revisions\/831"}],"wp:attachment":[{"href":"https:\/\/pastoralsaludmallorca.bisbatdemallorca.org\/index.php\/wp-json\/wp\/v2\/media?parent=742"}],"curies":[{"name":"wp","href":"https:\/\/api.w.org\/{rel}","templated":true}]}}