{"id":208,"date":"2023-02-08T21:49:50","date_gmt":"2023-02-08T20:49:50","guid":{"rendered":"https:\/\/pastoralsaludmallorca.bisbatdemallorca.org\/?page_id=208"},"modified":"2023-05-18T20:27:24","modified_gmt":"2023-05-18T18:27:24","slug":"que-es-el-voluntariado","status":"publish","type":"page","link":"https:\/\/pastoralsaludmallorca.bisbatdemallorca.org\/index.php\/que-es-el-voluntariado\/","title":{"rendered":"Qu\u00e8 \u00e9s el voluntariat?"},"content":{"rendered":"\n<p>Los voluntarios son personas que, seg\u00fan los principios del voluntariado, prestan determinadas tareas previamente establecidas y que mejoran la calidad humana de la asistencia, sin por ello interferir en las funciones profesionales de los sanitarios y agentes sociales, pero s\u00ed complement\u00e1ndolas teniendo en cuenta en todo momento la protecci\u00f3n de datos de los pacientes o asistidos domiciliariamente. <\/p>\n\n\n\n<div style=\"height:30px\" aria-hidden=\"true\" class=\"wp-block-spacer\"><\/div>\n\n\n\n<p>Es voluntario todo aquel que adem\u00e1s de sus propios deberes profesionales dedica parte de su tiempo de manera continua y desinteresada a actividades, no en favor de si mismo, si no a favor de los dem\u00e1s o de intereses sociales colectivos seg\u00fan un proyecto que no se agota en la intervenci\u00f3n de la misma.<\/p>\n\n\n\n<div style=\"height:30px\" aria-hidden=\"true\" class=\"wp-block-spacer\"><\/div>\n\n\n\n<p style=\"font-size:clamp(18.75px, 1.172rem + ((1vw - 7.68px) * 0.751), 25px);\"><strong>El voluntariado es esencialmente:<\/strong><\/p>\n\n\n\n<ul>\n<li>Voluntariedad &#8220;porque quiere y porque ama a los dem\u00e1s&#8221;<\/li>\n\n\n\n<li>Gratuidad: La entrega de tiempo y trabajo, no por obligaci\u00f3n, si no por fruto de una exigencia interior y de compromiso personal con repercusi\u00f3n exterior y social.<\/li>\n\n\n\n<li>Solidaridad: Porque alguien me necesita y espera algo de mi.<\/li>\n\n\n\n<li>Complementariedad asistencial ante las deficiencias sociales<\/li>\n\n\n\n<li>Acci\u00f3n promocionadora de nuevos servicios sociales.<\/li>\n\n\n\n<li>Enriquecimiento personal.<\/li>\n<\/ul>\n\n\n\n<div style=\"height:30px\" aria-hidden=\"true\" class=\"wp-block-spacer\"><\/div>\n\n\n\n<p>El servicio voluntario es un servicio directo a la persona necesitada que interact\u00faa delante de necesidades, como la soledad o el aburrimiento, que nunca podr\u00e1n ser cubiertas por ning\u00fan organismo mediante servicios remunerados.<\/p>\n\n\n\n<div style=\"height:30px\" aria-hidden=\"true\" class=\"wp-block-spacer\"><\/div>\n\n\n\n<p style=\"font-size:clamp(18.75px, 1.172rem + ((1vw - 7.68px) * 0.751), 25px);\"><strong>Criterios de actuaci\u00f3n:<\/strong><\/p>\n\n\n\n<ul>\n<li>Ayudar a las personas necesitadas de forma cordial, eficaz, sin discriminaciones.<\/li>\n\n\n\n<li>No aprovechar la ayuda que da para crearse una situaci\u00f3n personal de prepotencia sobre la persona asistida ni configurar protagonismo que sirva de pretexto para movilizaciones o activismo social.<\/li>\n\n\n\n<li>El voluntariado a de conocer las reglas de juego del trabajo y del grupo donde se encuentra y respetar los criterios de actuaci\u00f3n.<\/li>\n<\/ul>\n\n\n\n<div style=\"height:30px\" aria-hidden=\"true\" class=\"wp-block-spacer\"><\/div>\n\n\n\n<p style=\"font-size:clamp(18.75px, 1.172rem + ((1vw - 7.68px) * 0.751), 25px);\"><strong>El voluntariado en la Pastoral de la Salud<\/strong><\/p>\n\n\n\n<div style=\"height:30px\" aria-hidden=\"true\" class=\"wp-block-spacer\"><\/div>\n\n\n\n<p>El voluntariado con su aportaci\u00f3n y actuaci\u00f3n de servicios no pretende hacer innecesarios los servicios p\u00fablicos y la actuaci\u00f3n de los profesionales, solo intenta hacerse presente en determinadas deficiencias o ausencias ayudando a la atenci\u00f3n hol\u00edstica de los pacientes dentro del organigrama de la presencia de la pastoral de la salud de la di\u00f3cesis. Su preocupaci\u00f3n se centra en:<\/p>\n\n\n\n<ul>\n<li>Elevar y mejorar la atencion humana al paciente<\/li>\n\n\n\n<li>Elevar el nivel humano de las relaciones hospitalarias, a veces fr\u00edas de la t\u00e9cnica y el alejamiento familiar.<\/li>\n\n\n\n<li> Satisfacer las necesidades humanas e intimas que van m\u00e1s all\u00e1 de las atenciones medico-sanitaria no contempladas o insuficientemente atendidas por el hospital.<\/li>\n\n\n\n<li>Promover los derechos del enfermo hospitalizado.<\/li>\n\n\n\n<li>Dar un servicio directo y personalizado al enfermo que, en situaci\u00f3n de sufrimiento necesita m\u00e1s compa\u00f1\u00eda y consuelo. El enfermo sufrir\u00e1 menos si se siente querido y comprendido.<\/li>\n\n\n\n<li>Colaborar con el personal sanitario del centro o de la instituci\u00f3n para hacer m\u00e1s feliz y humana la vida del enfermo.<\/li>\n<\/ul>\n\n\n\n<div style=\"height:50px\" aria-hidden=\"true\" class=\"wp-block-spacer\"><\/div>\n","protected":false},"excerpt":{"rendered":"<p>Los voluntarios son personas que, seg\u00fan los principios del voluntariado, prestan determinadas tareas previamente establecidas y que mejoran la calidad humana de la asistencia, sin por ello interferir en las funciones profesionales de los sanitarios y agentes sociales, pero s\u00ed complement\u00e1ndolas teniendo en cuenta en todo momento la protecci\u00f3n de datos de los pacientes o [&hellip;]<\/p>\n","protected":false},"author":1,"featured_media":0,"parent":0,"menu_order":0,"comment_status":"closed","ping_status":"closed","template":"","meta":[],"yoast_head":"<!-- This site is optimized with the Yoast SEO plugin v20.7 - https:\/\/yoast.com\/wordpress\/plugins\/seo\/ -->\n<title>Qu\u00e8 \u00e9s el voluntariat? - Pastoral Salud Mallorca<\/title>\n<meta name=\"robots\" content=\"index, follow, max-snippet:-1, max-image-preview:large, max-video-preview:-1\" \/>\n<link rel=\"canonical\" href=\"https:\/\/pastoralsaludmallorca.bisbatdemallorca.org\/index.php\/que-es-el-voluntariado\/\" \/>\n<meta property=\"og:locale\" content=\"ca_ES\" \/>\n<meta property=\"og:type\" content=\"article\" \/>\n<meta property=\"og:title\" content=\"Qu\u00e8 \u00e9s el voluntariat? - Pastoral Salud Mallorca\" \/>\n<meta property=\"og:description\" content=\"Los voluntarios son personas que, seg\u00fan los principios del voluntariado, prestan determinadas tareas previamente establecidas y que mejoran la calidad humana de la asistencia, sin por ello interferir en las funciones profesionales de los sanitarios y agentes sociales, pero s\u00ed complement\u00e1ndolas teniendo en cuenta en todo momento la protecci\u00f3n de datos de los pacientes o [&hellip;]\" \/>\n<meta property=\"og:url\" content=\"https:\/\/pastoralsaludmallorca.bisbatdemallorca.org\/index.php\/que-es-el-voluntariado\/\" \/>\n<meta property=\"og:site_name\" content=\"Pastoral Salud Mallorca\" \/>\n<meta property=\"article:modified_time\" content=\"2023-05-18T18:27:24+00:00\" \/>\n<meta name=\"twitter:card\" content=\"summary_large_image\" \/>\n<meta name=\"twitter:label1\" content=\"Temps estimat de lectura\" \/>\n\t<meta name=\"twitter:data1\" content=\"3 minuts\" \/>\n<script type=\"application\/ld+json\" class=\"yoast-schema-graph\">{\"@context\":\"https:\/\/schema.org\",\"@graph\":[{\"@type\":\"WebPage\",\"@id\":\"https:\/\/pastoralsaludmallorca.bisbatdemallorca.org\/index.php\/que-es-el-voluntariado\/\",\"url\":\"https:\/\/pastoralsaludmallorca.bisbatdemallorca.org\/index.php\/que-es-el-voluntariado\/\",\"name\":\"Qu\u00e8 \u00e9s el voluntariat? - Pastoral Salud Mallorca\",\"isPartOf\":{\"@id\":\"https:\/\/pastoralsaludmallorca.bisbatdemallorca.org\/#website\"},\"datePublished\":\"2023-02-08T20:49:50+00:00\",\"dateModified\":\"2023-05-18T18:27:24+00:00\",\"breadcrumb\":{\"@id\":\"https:\/\/pastoralsaludmallorca.bisbatdemallorca.org\/index.php\/que-es-el-voluntariado\/#breadcrumb\"},\"inLanguage\":\"ca\",\"potentialAction\":[{\"@type\":\"ReadAction\",\"target\":[\"https:\/\/pastoralsaludmallorca.bisbatdemallorca.org\/index.php\/que-es-el-voluntariado\/\"]}]},{\"@type\":\"BreadcrumbList\",\"@id\":\"https:\/\/pastoralsaludmallorca.bisbatdemallorca.org\/index.php\/que-es-el-voluntariado\/#breadcrumb\",\"itemListElement\":[{\"@type\":\"ListItem\",\"position\":1,\"name\":\"Portada\",\"item\":\"https:\/\/pastoralsaludmallorca.bisbatdemallorca.org\/\"},{\"@type\":\"ListItem\",\"position\":2,\"name\":\"Qu\u00e8 \u00e9s el voluntariat?\"}]},{\"@type\":\"WebSite\",\"@id\":\"https:\/\/pastoralsaludmallorca.bisbatdemallorca.org\/#website\",\"url\":\"https:\/\/pastoralsaludmallorca.bisbatdemallorca.org\/\",\"name\":\"Pastoral Salud Mallorca\",\"description\":\"\",\"publisher\":{\"@id\":\"https:\/\/pastoralsaludmallorca.bisbatdemallorca.org\/#organization\"},\"potentialAction\":[{\"@type\":\"SearchAction\",\"target\":{\"@type\":\"EntryPoint\",\"urlTemplate\":\"https:\/\/pastoralsaludmallorca.bisbatdemallorca.org\/?s={search_term_string}\"},\"query-input\":\"required name=search_term_string\"}],\"inLanguage\":\"ca\"},{\"@type\":\"Organization\",\"@id\":\"https:\/\/pastoralsaludmallorca.bisbatdemallorca.org\/#organization\",\"name\":\"Pastoral Salud Mallorca\",\"url\":\"https:\/\/pastoralsaludmallorca.bisbatdemallorca.org\/\",\"logo\":{\"@type\":\"ImageObject\",\"inLanguage\":\"ca\",\"@id\":\"https:\/\/pastoralsaludmallorca.bisbatdemallorca.org\/#\/schema\/logo\/image\/\",\"url\":\"https:\/\/pastoralsaludmallorca.bisbatdemallorca.org\/wp-content\/uploads\/Dise\u00f1o\/Icono-SALUT.png\",\"contentUrl\":\"https:\/\/pastoralsaludmallorca.bisbatdemallorca.org\/wp-content\/uploads\/Dise\u00f1o\/Icono-SALUT.png\",\"width\":945,\"height\":945,\"caption\":\"Pastoral Salud Mallorca\"},\"image\":{\"@id\":\"https:\/\/pastoralsaludmallorca.bisbatdemallorca.org\/#\/schema\/logo\/image\/\"}}]}<\/script>\n<!-- \/ Yoast SEO plugin. -->","yoast_head_json":{"title":"Qu\u00e8 \u00e9s el voluntariat? - Pastoral Salud Mallorca","robots":{"index":"index","follow":"follow","max-snippet":"max-snippet:-1","max-image-preview":"max-image-preview:large","max-video-preview":"max-video-preview:-1"},"canonical":"https:\/\/pastoralsaludmallorca.bisbatdemallorca.org\/index.php\/que-es-el-voluntariado\/","og_locale":"ca_ES","og_type":"article","og_title":"Qu\u00e8 \u00e9s el voluntariat? - Pastoral Salud Mallorca","og_description":"Los voluntarios son personas que, seg\u00fan los principios del voluntariado, prestan determinadas tareas previamente establecidas y que mejoran la calidad humana de la asistencia, sin por ello interferir en las funciones profesionales de los sanitarios y agentes sociales, pero s\u00ed complement\u00e1ndolas teniendo en cuenta en todo momento la protecci\u00f3n de datos de los pacientes o [&hellip;]","og_url":"https:\/\/pastoralsaludmallorca.bisbatdemallorca.org\/index.php\/que-es-el-voluntariado\/","og_site_name":"Pastoral Salud Mallorca","article_modified_time":"2023-05-18T18:27:24+00:00","twitter_card":"summary_large_image","twitter_misc":{"Temps estimat de lectura":"3 minuts"},"schema":{"@context":"https:\/\/schema.org","@graph":[{"@type":"WebPage","@id":"https:\/\/pastoralsaludmallorca.bisbatdemallorca.org\/index.php\/que-es-el-voluntariado\/","url":"https:\/\/pastoralsaludmallorca.bisbatdemallorca.org\/index.php\/que-es-el-voluntariado\/","name":"Qu\u00e8 \u00e9s el voluntariat? - Pastoral Salud Mallorca","isPartOf":{"@id":"https:\/\/pastoralsaludmallorca.bisbatdemallorca.org\/#website"},"datePublished":"2023-02-08T20:49:50+00:00","dateModified":"2023-05-18T18:27:24+00:00","breadcrumb":{"@id":"https:\/\/pastoralsaludmallorca.bisbatdemallorca.org\/index.php\/que-es-el-voluntariado\/#breadcrumb"},"inLanguage":"ca","potentialAction":[{"@type":"ReadAction","target":["https:\/\/pastoralsaludmallorca.bisbatdemallorca.org\/index.php\/que-es-el-voluntariado\/"]}]},{"@type":"BreadcrumbList","@id":"https:\/\/pastoralsaludmallorca.bisbatdemallorca.org\/index.php\/que-es-el-voluntariado\/#breadcrumb","itemListElement":[{"@type":"ListItem","position":1,"name":"Portada","item":"https:\/\/pastoralsaludmallorca.bisbatdemallorca.org\/"},{"@type":"ListItem","position":2,"name":"Qu\u00e8 \u00e9s el voluntariat?"}]},{"@type":"WebSite","@id":"https:\/\/pastoralsaludmallorca.bisbatdemallorca.org\/#website","url":"https:\/\/pastoralsaludmallorca.bisbatdemallorca.org\/","name":"Pastoral Salud Mallorca","description":"","publisher":{"@id":"https:\/\/pastoralsaludmallorca.bisbatdemallorca.org\/#organization"},"potentialAction":[{"@type":"SearchAction","target":{"@type":"EntryPoint","urlTemplate":"https:\/\/pastoralsaludmallorca.bisbatdemallorca.org\/?s={search_term_string}"},"query-input":"required name=search_term_string"}],"inLanguage":"ca"},{"@type":"Organization","@id":"https:\/\/pastoralsaludmallorca.bisbatdemallorca.org\/#organization","name":"Pastoral Salud Mallorca","url":"https:\/\/pastoralsaludmallorca.bisbatdemallorca.org\/","logo":{"@type":"ImageObject","inLanguage":"ca","@id":"https:\/\/pastoralsaludmallorca.bisbatdemallorca.org\/#\/schema\/logo\/image\/","url":"https:\/\/pastoralsaludmallorca.bisbatdemallorca.org\/wp-content\/uploads\/Dise\u00f1o\/Icono-SALUT.png","contentUrl":"https:\/\/pastoralsaludmallorca.bisbatdemallorca.org\/wp-content\/uploads\/Dise\u00f1o\/Icono-SALUT.png","width":945,"height":945,"caption":"Pastoral Salud Mallorca"},"image":{"@id":"https:\/\/pastoralsaludmallorca.bisbatdemallorca.org\/#\/schema\/logo\/image\/"}}]}},"_links":{"self":[{"href":"https:\/\/pastoralsaludmallorca.bisbatdemallorca.org\/index.php\/wp-json\/wp\/v2\/pages\/208"}],"collection":[{"href":"https:\/\/pastoralsaludmallorca.bisbatdemallorca.org\/index.php\/wp-json\/wp\/v2\/pages"}],"about":[{"href":"https:\/\/pastoralsaludmallorca.bisbatdemallorca.org\/index.php\/wp-json\/wp\/v2\/types\/page"}],"author":[{"embeddable":true,"href":"https:\/\/pastoralsaludmallorca.bisbatdemallorca.org\/index.php\/wp-json\/wp\/v2\/users\/1"}],"replies":[{"embeddable":true,"href":"https:\/\/pastoralsaludmallorca.bisbatdemallorca.org\/index.php\/wp-json\/wp\/v2\/comments?post=208"}],"version-history":[{"count":36,"href":"https:\/\/pastoralsaludmallorca.bisbatdemallorca.org\/index.php\/wp-json\/wp\/v2\/pages\/208\/revisions"}],"predecessor-version":[{"id":832,"href":"https:\/\/pastoralsaludmallorca.bisbatdemallorca.org\/index.php\/wp-json\/wp\/v2\/pages\/208\/revisions\/832"}],"wp:attachment":[{"href":"https:\/\/pastoralsaludmallorca.bisbatdemallorca.org\/index.php\/wp-json\/wp\/v2\/media?parent=208"}],"curies":[{"name":"wp","href":"https:\/\/api.w.org\/{rel}","templated":true}]}}